{"id":15484,"date":"2024-01-25T10:26:05","date_gmt":"2024-01-25T09:26:05","guid":{"rendered":"http:\/\/preview.matino-gtcc.de\/veri-korumasi\/"},"modified":"2024-01-25T10:32:26","modified_gmt":"2024-01-25T09:32:26","slug":"veri-korumasi","status":"publish","type":"page","link":"https:\/\/www.matino-gtcc.de\/tr\/veri-korumasi\/","title":{"rendered":"veri korumas\u0131"},"content":{"rendered":"<div class=\"wpb-content-wrapper\"><p>[vc_row][vc_column][vc_column_text]<\/p>\n<p><strong>Biz Kimiz<\/strong><\/p>\n<p>Matino Global Ticaret ve Dan\u0131\u015fmanl\u0131k \u015eirketi<\/p>\n<p>Aytekinhan Hatipo\u011flu M.A.<br \/>Genel M\u00fcd\u00fcr\/Genel M\u00fcd\u00fcr<br \/>Ikarusallee 15<br \/>30179 Hannover \/ Almanya<\/p>\n<p>Telefon:+4951160098420<br \/>Mobil:+4917624873492<\/p>\n<p>www.matino-gtcc.de<br \/>a.hatipo\u011flu@matino-gtcc.de<\/p>\n<p><strong>Yorumlar<\/strong><\/p>\n<p>Ziyaret\u00e7iler sitede yorum b\u0131rakt\u0131\u011f\u0131nda, spam tespitine yard\u0131mc\u0131 olmak i\u00e7in yorum formunda g\u00f6sterilen verilerin yan\u0131 s\u0131ra ziyaret\u00e7inin IP adresini ve kullan\u0131c\u0131 arac\u0131s\u0131 dizesini (taray\u0131c\u0131y\u0131 tan\u0131mlayan) toplar\u0131z.<\/p>\n<p>E-posta adresinizden anonimle\u015ftirilmi\u015f bir dize olu\u015fturulabilir (hash olarak da bilinir) ve onu kullan\u0131p kullanmad\u0131\u011f\u0131n\u0131z\u0131 g\u00f6rmek i\u00e7in Gravatar hizmetine sa\u011flanabilir. Gravatar hizmeti gizlilik politikas\u0131n\u0131 burada bulabilirsiniz: https:\/\/automattic.com\/privacy\/. Yorumunuz onayland\u0131ktan sonra profil resminiz, yorumunuz ba\u011flam\u0131nda herkese a\u00e7\u0131k olarak g\u00f6r\u00fcn\u00fcr olacakt\u0131r.<\/p>\n<p>&nbsp;<\/p>\n<p><strong>medya<\/strong><\/p>\n<p>Kay\u0131tl\u0131 bir kullan\u0131c\u0131ysan\u0131z ve bu web sitesine foto\u011fraf y\u00fckl\u00fcyorsan\u0131z, EXIF \u200b\u200bGPS konumuna sahip foto\u011fraf y\u00fcklemekten ka\u00e7\u0131nmal\u0131s\u0131n\u0131z. Bu web sitesini ziyaret edenler, bu web sitesinde saklanan foto\u011fraflar\u0131 indirebilir ve konum bilgilerini \u00e7\u0131karabilirler.<\/p>\n<p>&nbsp;<\/p>\n<p><strong>Kurabiye<\/strong><\/p>\n<p>Web sitemize bir yorum yazarsan\u0131z ad\u0131n\u0131z\u0131, e-posta adresinizi ve web sitenizi \u00e7erezlere kaydetmeyi kabul edebilirsiniz. Bunlar size kolayl\u0131k sa\u011flamak i\u00e7indir, b\u00f6ylece ba\u015fka bir yorum b\u0131rakt\u0131\u011f\u0131n\u0131zda t\u00fcm bu bilgileri tekrar doldurman\u0131za gerek kalmaz. Bu \u00e7erezler bir y\u0131l s\u00fcreyle saklan\u0131r.<\/p>\n<p>Bir hesab\u0131n\u0131z varsa ve bu web sitesine giri\u015f yaparsan\u0131z, taray\u0131c\u0131n\u0131z\u0131n \u00e7erezleri kabul edip etmedi\u011fini belirlemek i\u00e7in ge\u00e7ici bir \u00e7erez yerle\u015ftirece\u011fiz. Bu \u00e7erez hi\u00e7bir ki\u015fisel veri i\u00e7ermez ve taray\u0131c\u0131n\u0131z\u0131 kapatt\u0131\u011f\u0131n\u0131zda at\u0131l\u0131r.<\/p>\n<p>Giri\u015f yapt\u0131\u011f\u0131n\u0131zda, giri\u015f bilgilerinizi ve g\u00f6r\u00fcnt\u00fcleme tercihlerinizi kaydetmek i\u00e7in baz\u0131 \u00e7erezler ayarlayaca\u011f\u0131z. Oturum a\u00e7ma \u00e7erezlerinin ge\u00e7erlili\u011fi iki g\u00fcn sonra, g\u00f6r\u00fcnt\u00fcleme se\u00e7enekleri \u00e7erezlerinin ge\u00e7erlili\u011fi ise bir y\u0131l sonra sona erer. Kay\u0131t olurken \u201cBeni hat\u0131rla\u201d se\u00e7ene\u011fini se\u00e7meniz halinde kayd\u0131n\u0131z iki hafta s\u00fcreyle muhafaza edilecektir. Hesab\u0131n\u0131zdan \u00e7\u0131k\u0131\u015f yapt\u0131\u011f\u0131n\u0131zda giri\u015f \u00e7erezleri silinecektir.<\/p>\n<p>Bir makaleyi d\u00fczenledi\u011finizde veya yay\u0131nlad\u0131\u011f\u0131n\u0131zda taray\u0131c\u0131n\u0131zda ek bir \u00e7erez saklan\u0131r. Bu \u00e7erez hi\u00e7bir ki\u015fisel veri i\u00e7ermez ve yaln\u0131zca az \u00f6nce d\u00fczenledi\u011finiz makalenin g\u00f6nderi kimli\u011fine at\u0131fta bulunur. \u00c7erezin s\u00fcresi bir g\u00fcn sonra dolar.<\/p>\n<p>&nbsp;<\/p>\n<p><strong>Di\u011fer web sitelerinden g\u00f6m\u00fcl\u00fc i\u00e7erik<\/strong><\/p>\n<p>Bu web sitesindeki g\u00f6nderiler g\u00f6m\u00fcl\u00fc i\u00e7erik (\u00f6rne\u011fin videolar, resimler, g\u00f6nderiler vb.) i\u00e7erebilir. Di\u011fer web sitelerinden gelen g\u00f6m\u00fcl\u00fc i\u00e7erik, ziyaret\u00e7inin di\u011fer web sitesini ziyaret etmi\u015f gibi davranmas\u0131n\u0131 sa\u011flar.<\/p>\n<p>Bu web siteleri sizin hakk\u0131n\u0131zda veri toplayabilir, \u00e7erez kullanabilir, ek \u00fc\u00e7\u00fcnc\u00fc taraf takibi yerle\u015ftirebilir ve bir hesab\u0131n\u0131z varsa ve o web sitesinde oturum a\u00e7m\u0131\u015fsan\u0131z, g\u00f6m\u00fcl\u00fc i\u00e7erikle etkile\u015fiminizi izlemek de dahil olmak \u00fczere, bu g\u00f6m\u00fcl\u00fc i\u00e7erikle etkile\u015fiminizi izleyebilir.<\/p>\n<p>&nbsp;<\/p>\n<p><strong>Verilerinizi kimlerle payla\u015f\u0131yoruz<\/strong><\/p>\n<p>\u015eifre s\u0131f\u0131rlama talebinde bulunursan\u0131z, IP adresiniz s\u0131f\u0131rlama e-postas\u0131na dahil edilecektir.<\/p>\n<p><strong>Verilerinizi ne kadar s\u00fcreyle sakl\u0131yoruz?<\/strong><\/p>\n<p>Bir yorum yazarsan\u0131z meta veriler de dahil olmak \u00fczere s\u00fcresiz olarak kaydedilir. Bu \u015fekilde, takip yorumlar\u0131n\u0131 denetleme kuyru\u011funda tutmak yerine otomatik olarak tan\u0131y\u0131p onaylayabiliriz.<\/p>\n<p>Web sitemize kay\u0131t olan kullan\u0131c\u0131lar i\u00e7in ayr\u0131ca kullan\u0131c\u0131 profillerinde sa\u011flad\u0131klar\u0131 ki\u015fisel bilgileri de sakl\u0131yoruz. T\u00fcm kullan\u0131c\u0131lar ki\u015fisel bilgilerini diledikleri zaman g\u00f6r\u00fcnt\u00fcleyebilir, de\u011fi\u015ftirebilir veya silebilir (kullan\u0131c\u0131 ad\u0131 de\u011fi\u015ftirilemez). Web sitesi y\u00f6neticileri de bu bilgileri g\u00f6r\u00fcnt\u00fcleyebilir ve de\u011fi\u015ftirebilir.<\/p>\n<p><strong>Verileriniz \u00fczerinde hangi haklara sahipsiniz?<\/strong><\/p>\n<p>Bu sitede bir hesab\u0131n\u0131z varsa veya yaz\u0131l\u0131 yorumlar\u0131n\u0131z varsa, bize sa\u011flad\u0131\u011f\u0131n\u0131z veriler de dahil olmak \u00fczere ki\u015fisel verilerinizin d\u0131\u015fa aktar\u0131lmas\u0131n\u0131 talep edebilirsiniz. Ayr\u0131ca hakk\u0131n\u0131zda tuttu\u011fumuz t\u00fcm ki\u015fisel verileri silmemizi de talep edebilirsiniz. Bu, idari, yasal veya g\u00fcvenlik nedenleriyle saklamam\u0131z gereken verileri i\u00e7ermez.<\/p>\n<p><strong>Verileriniz nereye g\u00f6nderiliyor<\/strong><\/p>\n<p>Ziyaret\u00e7i yorumlar\u0131 otomatik spam tespit hizmeti arac\u0131l\u0131\u011f\u0131yla kontrol edilebilir.<\/p>\n<p>[\/vc_column_text][\/vc_column][\/vc_row]<\/p>\n<\/div>","protected":false},"excerpt":{"rendered":"<p>[vc_row][vc_column][vc_column_text] Biz Kimiz Matino Global Ticaret ve Dan\u0131\u015fmanl\u0131k \u015eirketi Aytekinhan Hatipo\u011flu M.A.Genel M\u00fcd\u00fcr\/Genel M\u00fcd\u00fcrIkarusallee 1530179 Hannover \/ Almanya Telefon:+4951160098420Mobil:+4917624873492 www.matino-gtcc.dea.hatipo\u011flu@matino-gtcc.de Yorumlar Ziyaret\u00e7iler sitede yorum b\u0131rakt\u0131\u011f\u0131nda, spam tespitine yard\u0131mc\u0131 olmak i\u00e7in yorum formunda g\u00f6sterilen verilerin yan\u0131 s\u0131ra ziyaret\u00e7inin IP adresini ve kullan\u0131c\u0131 arac\u0131s\u0131 dizesini (taray\u0131c\u0131y\u0131 tan\u0131mlayan) toplar\u0131z. E-posta adresinizden anonimle\u015ftirilmi\u015f bir dize olu\u015fturulabilir (hash olarak da&hellip;<\/p>\n","protected":false},"author":1,"featured_media":0,"parent":0,"menu_order":0,"comment_status":"closed","ping_status":"open","template":"","meta":{"footnotes":""},"class_list":["post-15484","page","type-page","status-publish","hentry","description-off"],"_links":{"self":[{"href":"https:\/\/www.matino-gtcc.de\/tr\/wp-json\/wp\/v2\/pages\/15484","targetHints":{"allow":["GET"]}}],"collection":[{"href":"https:\/\/www.matino-gtcc.de\/tr\/wp-json\/wp\/v2\/pages"}],"about":[{"href":"https:\/\/www.matino-gtcc.de\/tr\/wp-json\/wp\/v2\/types\/page"}],"author":[{"embeddable":true,"href":"https:\/\/www.matino-gtcc.de\/tr\/wp-json\/wp\/v2\/users\/1"}],"replies":[{"embeddable":true,"href":"https:\/\/www.matino-gtcc.de\/tr\/wp-json\/wp\/v2\/comments?post=15484"}],"version-history":[{"count":2,"href":"https:\/\/www.matino-gtcc.de\/tr\/wp-json\/wp\/v2\/pages\/15484\/revisions"}],"predecessor-version":[{"id":15489,"href":"https:\/\/www.matino-gtcc.de\/tr\/wp-json\/wp\/v2\/pages\/15484\/revisions\/15489"}],"wp:attachment":[{"href":"https:\/\/www.matino-gtcc.de\/tr\/wp-json\/wp\/v2\/media?parent=15484"}],"curies":[{"name":"wp","href":"https:\/\/api.w.org\/{rel}","templated":true}]}}