{"id":15483,"date":"2024-01-25T10:25:27","date_gmt":"2024-01-25T09:25:27","guid":{"rendered":"http:\/\/preview.matino-gtcc.de\/damga\/"},"modified":"2024-01-25T10:38:29","modified_gmt":"2024-01-25T09:38:29","slug":"damga","status":"publish","type":"page","link":"https:\/\/www.matino-gtcc.de\/tr\/damga\/","title":{"rendered":"damga"},"content":{"rendered":"<div class=\"wpb-content-wrapper\"><p>[vc_row][vc_column][vc_empty_space][vc_column_text]<\/p>\n<h1>damga<\/h1>\n<p><strong>\u00a7 5 TMG&#8217;ye g\u00f6re bilgiler:<\/strong><\/p>\n<p>Matino Global Ticaret ve Dan\u0131\u015fmanl\u0131k \u015eirketi<br \/>\nIkarusallee 15<br \/>\n30179 Hannover<\/p>\n<p>Almanya<\/p>\n<p>Telefon: +4951160098420<br \/>\nMobil:+4917624873492<\/p>\n<p>www.matino-gtcc.de<\/p>\n<p>a.hatipo\u011flu@matino-gtcc.de<\/p>\n<p>Hannover B\u00f6lge Mahkemesi | \u015eirketler Sicili Eyalet Mahkemesi Hannover:<br \/>\nGenel M\u00fcd\u00fcr Aytekinhan Hatipo\u011flu<\/p>\n<p>Sat\u0131\u015f Vergisi Kanunu B\u00f6l\u00fcm 27 a uyar\u0131nca sat\u0131\u015f vergisi kimlik numaras\u0131:<\/p>\n<p>DE XXX XXX XXX<\/p>\n<p>Yasal Uyar\u0131 \u2013 Sorumluluk Reddi:<\/p>\n<p><strong>\u0130\u00e7erik sorumlulu\u011fu<\/strong><\/p>\n<p>Web sitemizdeki t\u00fcm i\u00e7erik b\u00fcy\u00fck bir \u00f6zenle ve bilgimiz dahilinde olu\u015fturulmu\u015ftur. Ancak i\u00e7eri\u011fin do\u011fru, eksiksiz veya g\u00fcncel oldu\u011funu garanti edemeyiz. Bir hizmet sa\u011flay\u0131c\u0131 olarak, bu sayfalardaki kendi i\u00e7eri\u011fimizden, TMG B\u00f6l\u00fcm 7 Paragraf 1 uyar\u0131nca genel yasalara uygun olarak sorumluyuz. Ancak TMG&#8217;nin 8 ila 10. Maddeleri uyar\u0131nca, bir hizmet sa\u011flay\u0131c\u0131 olarak iletilen veya saklanan \u00fc\u00e7\u00fcnc\u00fc taraf bilgilerini izlemek veya yasa d\u0131\u015f\u0131 faaliyete i\u015faret eden durumlar\u0131 ara\u015ft\u0131rmakla y\u00fck\u00fcml\u00fc de\u011filiz. Genel yasa uyar\u0131nca bilgilerin kullan\u0131m\u0131n\u0131n kald\u0131r\u0131lmas\u0131 veya engellenmesine ili\u015fkin y\u00fck\u00fcml\u00fcl\u00fckler etkilenmeden kal\u0131r.<\/p>\n<p>Ancak bu konudaki sorumluluk ancak belirli bir yasal ihlalin fark\u0131na vard\u0131\u011f\u0131m\u0131z andan itibaren m\u00fcmk\u00fcnd\u00fcr. Yukar\u0131da belirtilen yasal ihlallerin fark\u0131na varmam\u0131z halinde bu i\u00e7eri\u011fi derhal kald\u0131raca\u011f\u0131z.<\/p>\n<p><strong>Harici ba\u011flant\u0131lara ili\u015fkin sorumlulu\u011fun s\u0131n\u0131rland\u0131r\u0131lmas\u0131<\/strong><\/p>\n<p>Web sitemiz harici \u00fc\u00e7\u00fcnc\u00fc taraf web sitelerine ba\u011flant\u0131lar i\u00e7erir. Do\u011frudan veya dolayl\u0131 olarak ba\u011flant\u0131l\u0131 bu web sitelerinin i\u00e7eri\u011fi \u00fczerinde hi\u00e7bir etkimiz yoktur. Bu nedenle \u201charici ba\u011flant\u0131lar\u0131n\u201d i\u00e7eri\u011finin do\u011frulu\u011fu konusunda herhangi bir sorumluluk kabul edemeyiz. D\u0131\u015f ba\u011flant\u0131lar\u0131n i\u00e7eri\u011finden sayfalar\u0131n ilgili sa\u011flay\u0131c\u0131lar\u0131 veya operat\u00f6rleri (yazarlar\u0131) sorumludur.<\/p>\n<p>D\u0131\u015f ba\u011flant\u0131lar\u0131n, ba\u011flant\u0131 olu\u015fturuldu\u011fu s\u0131rada olas\u0131 yasal ihlallere kar\u015f\u0131 kontrol edildi\u011fi ve ba\u011flant\u0131n\u0131n olu\u015fturuldu\u011fu s\u0131rada yasa d\u0131\u015f\u0131 i\u00e7erik i\u00e7ermedi\u011fi kontrol edilmi\u015ftir. Yasal bir ihlalin somut kan\u0131t\u0131 olmadan, d\u0131\u015f ba\u011flant\u0131lar\u0131n i\u00e7eri\u011finin s\u00fcrekli olarak kontrol edilmesi m\u00fcmk\u00fcn de\u011fildir. Sorumluluk alan\u0131m\u0131z\u0131n d\u0131\u015f\u0131nda kalan \u00fc\u00e7\u00fcnc\u00fc taraf web sitelerine do\u011frudan veya dolayl\u0131 ba\u011flant\u0131 verilmesi durumunda, sorumluluk yaln\u0131zca i\u00e7erikten haberdar olmam\u0131z durumunda mevcut olacakt\u0131r ve bu durumda kullan\u0131m\u0131 engellememiz teknik olarak m\u00fcmk\u00fcn ve makul olacakt\u0131r. yasa d\u0131\u015f\u0131 i\u00e7erik.<\/p>\n<p>Bu sorumluluk reddi ayn\u0131 zamanda &#8220;alan ad\u0131n\u0131z&#8221; web sitesindeki sorgulayanlardan, blog giri\u015flerinden ve tart\u0131\u015fma forumu misafirlerinden gelen ba\u011flant\u0131lar ve referanslar i\u00e7in de ge\u00e7erlidir. Yasad\u0131\u015f\u0131, yanl\u0131\u015f veya eksik i\u00e7erikten ve \u00f6zellikle bu t\u00fcr bilgilerin kullan\u0131lmas\u0131ndan veya kullan\u0131lmamas\u0131ndan kaynaklanan zararlardan yaln\u0131zca ilgili yay\u0131na ba\u011flant\u0131lar arac\u0131l\u0131\u011f\u0131yla at\u0131fta bulunan ki\u015fi de\u011fil, at\u0131fta bulunulan sayfan\u0131n hizmet sa\u011flay\u0131c\u0131s\u0131 sorumludur. .<\/p>\n<p>Yasal ihlallerin fark\u0131na var\u0131rsak d\u0131\u015f ba\u011flant\u0131lar\u0131 derhal kald\u0131raca\u011f\u0131z.<\/p>\n<p><strong>telif hakk\u0131<\/strong><\/p>\n<p>Web sitemizde yay\u0131nlanan i\u00e7erik ve eserler Alman telif hakk\u0131 yasas\u0131na tabidir (http:\/\/www.gesetze-im-internet.de\/bundesrecht\/urhg\/kritik.pdf). Fikri m\u00fclkiyetin, telif hakk\u0131 yasas\u0131n\u0131n s\u0131n\u0131rlar\u0131 d\u0131\u015f\u0131nda, yazar\u0131n fikri ve maddi a\u00e7\u0131dan \u00e7o\u011falt\u0131lmas\u0131, i\u015flenmesi, da\u011f\u0131t\u0131m\u0131 ve her t\u00fcrl\u00fc kullan\u0131m\u0131, Telif Hakk\u0131 Yasas\u0131 uyar\u0131nca ilgili yazar\u0131n \u00f6nceden yaz\u0131l\u0131 iznini gerektirir (http:\/\/) www.gesetze-im-internet.de \/federal hukuk\/urhg\/total.pdf). Bu sayfan\u0131n indirilmesine ve kopyalanmas\u0131na yaln\u0131zca \u00f6zel ve ticari olmayan kullan\u0131m i\u00e7in izin verilmektedir. Web sitemizdeki i\u00e7erik taraf\u0131m\u0131zdan olu\u015fturulmam\u0131\u015fsa \u00fc\u00e7\u00fcnc\u00fc \u015fah\u0131slar\u0131n telif haklar\u0131na dikkat edilmelidir. \u00dc\u00e7\u00fcnc\u00fc taraflar\u0131n i\u00e7eri\u011fi bu \u015fekilde tan\u0131mlan\u0131r. Yine de bir telif hakk\u0131 ihlalinin fark\u0131na var\u0131rsan\u0131z, bunu bize bildirmenizi rica ederiz. Herhangi bir yasal ihlalin fark\u0131na var\u0131rsak bu t\u00fcr <strong>i\u00e7erikleri derhal kald\u0131raca\u011f\u0131z.<\/strong><\/p>\n<p><strong>Bu bask\u0131 jurarat.de taraf\u0131ndan sa\u011flanm\u0131\u015ft\u0131r.<\/strong>[\/vc_column_text][\/vc_column][\/vc_row]<\/p>\n<\/div>","protected":false},"excerpt":{"rendered":"<p>[vc_row][vc_column][vc_empty_space][vc_column_text] damga \u00a7 5 TMG&#8217;ye g\u00f6re bilgiler: Matino Global Ticaret ve Dan\u0131\u015fmanl\u0131k \u015eirketi Ikarusallee 15 30179 Hannover Almanya Telefon: +4951160098420 Mobil:+4917624873492 www.matino-gtcc.de a.hatipo\u011flu@matino-gtcc.de Hannover B\u00f6lge Mahkemesi | \u015eirketler Sicili Eyalet Mahkemesi Hannover: Genel M\u00fcd\u00fcr Aytekinhan Hatipo\u011flu Sat\u0131\u015f Vergisi Kanunu B\u00f6l\u00fcm 27 a uyar\u0131nca sat\u0131\u015f vergisi kimlik numaras\u0131: DE XXX XXX XXX Yasal Uyar\u0131 \u2013 Sorumluluk&hellip;<\/p>\n","protected":false},"author":1,"featured_media":0,"parent":0,"menu_order":1,"comment_status":"closed","ping_status":"closed","template":"template-microsite.php","meta":{"footnotes":""},"class_list":["post-15483","page","type-page","status-publish","hentry","description-off"],"_links":{"self":[{"href":"https:\/\/www.matino-gtcc.de\/tr\/wp-json\/wp\/v2\/pages\/15483","targetHints":{"allow":["GET"]}}],"collection":[{"href":"https:\/\/www.matino-gtcc.de\/tr\/wp-json\/wp\/v2\/pages"}],"about":[{"href":"https:\/\/www.matino-gtcc.de\/tr\/wp-json\/wp\/v2\/types\/page"}],"author":[{"embeddable":true,"href":"https:\/\/www.matino-gtcc.de\/tr\/wp-json\/wp\/v2\/users\/1"}],"replies":[{"embeddable":true,"href":"https:\/\/www.matino-gtcc.de\/tr\/wp-json\/wp\/v2\/comments?post=15483"}],"version-history":[{"count":1,"href":"https:\/\/www.matino-gtcc.de\/tr\/wp-json\/wp\/v2\/pages\/15483\/revisions"}],"predecessor-version":[{"id":15490,"href":"https:\/\/www.matino-gtcc.de\/tr\/wp-json\/wp\/v2\/pages\/15483\/revisions\/15490"}],"wp:attachment":[{"href":"https:\/\/www.matino-gtcc.de\/tr\/wp-json\/wp\/v2\/media?parent=15483"}],"curies":[{"name":"wp","href":"https:\/\/api.w.org\/{rel}","templated":true}]}}